{"id":424,"date":"2016-02-27T15:34:31","date_gmt":"2016-02-27T14:34:31","guid":{"rendered":"http:\/\/www.udsp62.fr\/?page_id=424"},"modified":"2016-02-27T16:43:38","modified_gmt":"2016-02-27T15:43:38","slug":"agenda","status":"publish","type":"page","link":"https:\/\/www.udsp62.fr\/index.php\/accueil\/agenda\/","title":{"rendered":"Agenda"},"content":{"rendered":"<h1><span style=\"color: #003366;\">Naviguez dans l&rsquo;agenda pour d\u00e9couvrir les \u00e9v\u00e8nements \u00e0 venir !<\/span><\/h1>\n","protected":false},"excerpt":{"rendered":"<p>Naviguez dans l&rsquo;agenda pour d\u00e9couvrir les \u00e9v\u00e8nements \u00e0 venir !<\/p>\n","protected":false},"author":1,"featured_media":0,"parent":12,"menu_order":0,"comment_status":"closed","ping_status":"closed","template":"","meta":{"spay_email":"","footnotes":""},"class_list":["post-424","page","type-page","status-publish","hentry"],"jetpack_sharing_enabled":true,"jetpack_shortlink":"https:\/\/wp.me\/P81piT-6Q","_links":{"self":[{"href":"https:\/\/www.udsp62.fr\/index.php\/wp-json\/wp\/v2\/pages\/424","targetHints":{"allow":["GET"]}}],"collection":[{"href":"https:\/\/www.udsp62.fr\/index.php\/wp-json\/wp\/v2\/pages"}],"about":[{"href":"https:\/\/www.udsp62.fr\/index.php\/wp-json\/wp\/v2\/types\/page"}],"author":[{"embeddable":true,"href":"https:\/\/www.udsp62.fr\/index.php\/wp-json\/wp\/v2\/users\/1"}],"replies":[{"embeddable":true,"href":"https:\/\/www.udsp62.fr\/index.php\/wp-json\/wp\/v2\/comments?post=424"}],"version-history":[{"count":5,"href":"https:\/\/www.udsp62.fr\/index.php\/wp-json\/wp\/v2\/pages\/424\/revisions"}],"predecessor-version":[{"id":435,"href":"https:\/\/www.udsp62.fr\/index.php\/wp-json\/wp\/v2\/pages\/424\/revisions\/435"}],"up":[{"embeddable":true,"href":"https:\/\/www.udsp62.fr\/index.php\/wp-json\/wp\/v2\/pages\/12"}],"wp:attachment":[{"href":"https:\/\/www.udsp62.fr\/index.php\/wp-json\/wp\/v2\/media?parent=424"}],"curies":[{"name":"wp","href":"https:\/\/api.w.org\/{rel}","templated":true}]}}